{"id":125,"date":"2025-04-13T17:35:11","date_gmt":"2025-04-13T17:35:11","guid":{"rendered":"https:\/\/davor.pleskina.com\/?page_id=125"},"modified":"2025-04-13T17:38:06","modified_gmt":"2025-04-13T17:38:06","slug":"kontakt-3","status":"publish","type":"page","link":"https:\/\/davor.pleskina.com\/?page_id=125&lang=sl","title":{"rendered":"Kontakt"},"content":{"rendered":"\n<p>Besede so moje oro\u017eje, \u010drke moji zavezniki.<br>\u010ce \u017eeli\u0161 stopiti v stik \u2014 vrata so ti vedno odprta.<\/p>\n\n\n\n<p>davor@pleskina.com<\/p>\n\n\n\n<p>ali<\/p>\n\n\n\n<p>davor.pleskina@gmail.com<\/p>\n","protected":false},"excerpt":{"rendered":"<p>Besede so moje oro\u017eje, \u010drke moji zavezniki.\u010ce \u017eeli\u0161 stopiti v stik \u2014 vrata so ti vedno odprta. davor@pleskina.com ali davor.pleskina@gmail.com<\/p>\n","protected":false},"author":1,"featured_media":0,"parent":0,"menu_order":0,"comment_status":"closed","ping_status":"closed","template":"","meta":{"_uag_custom_page_level_css":"","site-sidebar-layout":"default","site-content-layout":"","ast-site-content-layout":"","site-content-style":"default","site-sidebar-style":"default","ast-global-header-display":"","ast-banner-title-visibility":"","ast-main-header-display":"","ast-hfb-above-header-display":"","ast-hfb-below-header-display":"","ast-hfb-mobile-header-display":"","site-post-title":"","ast-breadcrumbs-content":"","ast-featured-img":"","footer-sml-layout":"","theme-transparent-header-meta":"","adv-header-id-meta":"","stick-header-meta":"","header-above-stick-meta":"","header-main-stick-meta":"","header-below-stick-meta":"","astra-migrate-meta-layouts":"default","ast-page-background-enabled":"default","ast-page-background-meta":{"desktop":{"background-color":"var(--ast-global-color-5)","background-image":"","background-repeat":"repeat","background-position":"center center","background-size":"auto","background-attachment":"scroll","background-type":"","background-media":"","overlay-type":"","overlay-color":"","overlay-opacity":"","overlay-gradient":""},"tablet":{"background-color":"","background-image":"","background-repeat":"repeat","background-position":"center center","background-size":"auto","background-attachment":"scroll","background-type":"","background-media":"","overlay-type":"","overlay-color":"","overlay-opacity":"","overlay-gradient":""},"mobile":{"background-color":"","background-image":"","background-repeat":"repeat","background-position":"center center","background-size":"auto","background-attachment":"scroll","background-type":"","background-media":"","overlay-type":"","overlay-color":"","overlay-opacity":"","overlay-gradient":""}},"ast-content-background-meta":{"desktop":{"background-color":"var(--ast-global-color-4)","background-image":"","background-repeat":"repeat","background-position":"center center","background-size":"auto","background-attachment":"scroll","background-type":"","background-media":"","overlay-type":"","overlay-color":"","overlay-opacity":"","overlay-gradient":""},"tablet":{"background-color":"var(--ast-global-color-4)","background-image":"","background-repeat":"repeat","background-position":"center center","background-size":"auto","background-attachment":"scroll","background-type":"","background-media":"","overlay-type":"","overlay-color":"","overlay-opacity":"","overlay-gradient":""},"mobile":{"background-color":"var(--ast-global-color-4)","background-image":"","background-repeat":"repeat","background-position":"center center","background-size":"auto","background-attachment":"scroll","background-type":"","background-media":"","overlay-type":"","overlay-color":"","overlay-opacity":"","overlay-gradient":""}},"footnotes":""},"class_list":["post-125","page","type-page","status-publish","hentry"],"yoast_head":"<!-- This site is optimized with the Yoast SEO plugin v24.9 - https:\/\/yoast.com\/wordpress\/plugins\/seo\/ -->\n<title>Kontakt - Davor Pleskina - avtor<\/title>\n<meta name=\"robots\" content=\"index, follow, max-snippet:-1, max-image-preview:large, max-video-preview:-1\" \/>\n<link rel=\"canonical\" href=\"https:\/\/davor.pleskina.com\/?page_id=125&lang=sl\" \/>\n<meta property=\"og:locale\" content=\"en_US\" \/>\n<meta property=\"og:type\" content=\"article\" \/>\n<meta property=\"og:title\" content=\"Kontakt - Davor Pleskina - avtor\" \/>\n<meta property=\"og:description\" content=\"Besede so moje oro\u017eje, \u010drke moji zavezniki.\u010ce \u017eeli\u0161 stopiti v stik \u2014 vrata so ti vedno odprta. davor@pleskina.com ali davor.pleskina@gmail.com\" \/>\n<meta property=\"og:url\" content=\"https:\/\/davor.pleskina.com\/?page_id=125&amp;lang=sl\" \/>\n<meta property=\"og:site_name\" content=\"Davor Pleskina - avtor\" \/>\n<meta property=\"article:publisher\" content=\"https:\/\/www.facebook.com\/davor.pleskina\" \/>\n<meta property=\"article:modified_time\" content=\"2025-04-13T17:38:06+00:00\" \/>\n<meta name=\"twitter:card\" content=\"summary_large_image\" \/>\n<script type=\"application\/ld+json\" class=\"yoast-schema-graph\">{\"@context\":\"https:\/\/schema.org\",\"@graph\":[{\"@type\":\"WebPage\",\"@id\":\"https:\/\/davor.pleskina.com\/?page_id=125&lang=sl\",\"url\":\"https:\/\/davor.pleskina.com\/?page_id=125&lang=sl\",\"name\":\"Kontakt - Davor Pleskina - avtor\",\"isPartOf\":{\"@id\":\"https:\/\/davor.pleskina.com\/#website\"},\"datePublished\":\"2025-04-13T17:35:11+00:00\",\"dateModified\":\"2025-04-13T17:38:06+00:00\",\"breadcrumb\":{\"@id\":\"https:\/\/davor.pleskina.com\/?page_id=125&lang=sl#breadcrumb\"},\"inLanguage\":\"en-US\",\"potentialAction\":[{\"@type\":\"ReadAction\",\"target\":[\"https:\/\/davor.pleskina.com\/?page_id=125&lang=sl\"]}]},{\"@type\":\"BreadcrumbList\",\"@id\":\"https:\/\/davor.pleskina.com\/?page_id=125&lang=sl#breadcrumb\",\"itemListElement\":[{\"@type\":\"ListItem\",\"position\":1,\"name\":\"Home\",\"item\":\"https:\/\/davor.pleskina.com\/?page_id=82&lang=sl\"},{\"@type\":\"ListItem\",\"position\":2,\"name\":\"Kontakt\"}]},{\"@type\":\"WebSite\",\"@id\":\"https:\/\/davor.pleskina.com\/#website\",\"url\":\"https:\/\/davor.pleskina.com\/\",\"name\":\"Davor Pleskina - Author\",\"description\":\"\",\"publisher\":{\"@id\":\"https:\/\/davor.pleskina.com\/#\/schema\/person\/73a3c55dd492b781e0ccde1908336648\"},\"potentialAction\":[{\"@type\":\"SearchAction\",\"target\":{\"@type\":\"EntryPoint\",\"urlTemplate\":\"https:\/\/davor.pleskina.com\/?s={search_term_string}\"},\"query-input\":{\"@type\":\"PropertyValueSpecification\",\"valueRequired\":true,\"valueName\":\"search_term_string\"}}],\"inLanguage\":\"en-US\"},{\"@type\":[\"Person\",\"Organization\"],\"@id\":\"https:\/\/davor.pleskina.com\/#\/schema\/person\/73a3c55dd492b781e0ccde1908336648\",\"name\":\"Davor Pleskina\",\"image\":{\"@type\":\"ImageObject\",\"inLanguage\":\"en-US\",\"@id\":\"https:\/\/davor.pleskina.com\/#\/schema\/person\/image\/\",\"url\":\"https:\/\/davor.pleskina.com\/wp-content\/uploads\/2025\/04\/cropped-9e4a4959-8b7d-42cf-a303-7ca0cb4aa407.jpg\",\"contentUrl\":\"https:\/\/davor.pleskina.com\/wp-content\/uploads\/2025\/04\/cropped-9e4a4959-8b7d-42cf-a303-7ca0cb4aa407.jpg\",\"width\":736,\"height\":810,\"caption\":\"Davor Pleskina\"},\"logo\":{\"@id\":\"https:\/\/davor.pleskina.com\/#\/schema\/person\/image\/\"},\"sameAs\":[\"https:\/\/davor.pleskina.com\",\"https:\/\/www.facebook.com\/davor.pleskina\",\"https:\/\/www.instagram.com\/lorddavor\"]}]}<\/script>\n<!-- \/ Yoast SEO plugin. -->","yoast_head_json":{"title":"Kontakt - Davor Pleskina - avtor","robots":{"index":"index","follow":"follow","max-snippet":"max-snippet:-1","max-image-preview":"max-image-preview:large","max-video-preview":"max-video-preview:-1"},"canonical":"https:\/\/davor.pleskina.com\/?page_id=125&lang=sl","og_locale":"en_US","og_type":"article","og_title":"Kontakt - Davor Pleskina - avtor","og_description":"Besede so moje oro\u017eje, \u010drke moji zavezniki.\u010ce \u017eeli\u0161 stopiti v stik \u2014 vrata so ti vedno odprta. davor@pleskina.com ali davor.pleskina@gmail.com","og_url":"https:\/\/davor.pleskina.com\/?page_id=125&lang=sl","og_site_name":"Davor Pleskina - avtor","article_publisher":"https:\/\/www.facebook.com\/davor.pleskina","article_modified_time":"2025-04-13T17:38:06+00:00","twitter_card":"summary_large_image","schema":{"@context":"https:\/\/schema.org","@graph":[{"@type":"WebPage","@id":"https:\/\/davor.pleskina.com\/?page_id=125&lang=sl","url":"https:\/\/davor.pleskina.com\/?page_id=125&lang=sl","name":"Kontakt - Davor Pleskina - avtor","isPartOf":{"@id":"https:\/\/davor.pleskina.com\/#website"},"datePublished":"2025-04-13T17:35:11+00:00","dateModified":"2025-04-13T17:38:06+00:00","breadcrumb":{"@id":"https:\/\/davor.pleskina.com\/?page_id=125&lang=sl#breadcrumb"},"inLanguage":"en-US","potentialAction":[{"@type":"ReadAction","target":["https:\/\/davor.pleskina.com\/?page_id=125&lang=sl"]}]},{"@type":"BreadcrumbList","@id":"https:\/\/davor.pleskina.com\/?page_id=125&lang=sl#breadcrumb","itemListElement":[{"@type":"ListItem","position":1,"name":"Home","item":"https:\/\/davor.pleskina.com\/?page_id=82&lang=sl"},{"@type":"ListItem","position":2,"name":"Kontakt"}]},{"@type":"WebSite","@id":"https:\/\/davor.pleskina.com\/#website","url":"https:\/\/davor.pleskina.com\/","name":"Davor Pleskina - Author","description":"","publisher":{"@id":"https:\/\/davor.pleskina.com\/#\/schema\/person\/73a3c55dd492b781e0ccde1908336648"},"potentialAction":[{"@type":"SearchAction","target":{"@type":"EntryPoint","urlTemplate":"https:\/\/davor.pleskina.com\/?s={search_term_string}"},"query-input":{"@type":"PropertyValueSpecification","valueRequired":true,"valueName":"search_term_string"}}],"inLanguage":"en-US"},{"@type":["Person","Organization"],"@id":"https:\/\/davor.pleskina.com\/#\/schema\/person\/73a3c55dd492b781e0ccde1908336648","name":"Davor Pleskina","image":{"@type":"ImageObject","inLanguage":"en-US","@id":"https:\/\/davor.pleskina.com\/#\/schema\/person\/image\/","url":"https:\/\/davor.pleskina.com\/wp-content\/uploads\/2025\/04\/cropped-9e4a4959-8b7d-42cf-a303-7ca0cb4aa407.jpg","contentUrl":"https:\/\/davor.pleskina.com\/wp-content\/uploads\/2025\/04\/cropped-9e4a4959-8b7d-42cf-a303-7ca0cb4aa407.jpg","width":736,"height":810,"caption":"Davor Pleskina"},"logo":{"@id":"https:\/\/davor.pleskina.com\/#\/schema\/person\/image\/"},"sameAs":["https:\/\/davor.pleskina.com","https:\/\/www.facebook.com\/davor.pleskina","https:\/\/www.instagram.com\/lorddavor"]}]}},"uagb_featured_image_src":{"full":false,"thumbnail":false,"medium":false,"medium_large":false,"large":false,"1536x1536":false,"2048x2048":false},"uagb_author_info":{"display_name":"Davor Pleskina","author_link":"https:\/\/davor.pleskina.com\/?author=1"},"uagb_comment_info":0,"uagb_excerpt":"Besede so moje oro\u017eje, \u010drke moji zavezniki.\u010ce \u017eeli\u0161 stopiti v stik \u2014 vrata so ti vedno odprta. davor@pleskina.com ali davor.pleskina@gmail.com","_links":{"self":[{"href":"https:\/\/davor.pleskina.com\/index.php?rest_route=\/wp\/v2\/pages\/125","targetHints":{"allow":["GET"]}}],"collection":[{"href":"https:\/\/davor.pleskina.com\/index.php?rest_route=\/wp\/v2\/pages"}],"about":[{"href":"https:\/\/davor.pleskina.com\/index.php?rest_route=\/wp\/v2\/types\/page"}],"author":[{"embeddable":true,"href":"https:\/\/davor.pleskina.com\/index.php?rest_route=\/wp\/v2\/users\/1"}],"replies":[{"embeddable":true,"href":"https:\/\/davor.pleskina.com\/index.php?rest_route=%2Fwp%2Fv2%2Fcomments&post=125"}],"version-history":[{"count":2,"href":"https:\/\/davor.pleskina.com\/index.php?rest_route=\/wp\/v2\/pages\/125\/revisions"}],"predecessor-version":[{"id":130,"href":"https:\/\/davor.pleskina.com\/index.php?rest_route=\/wp\/v2\/pages\/125\/revisions\/130"}],"wp:attachment":[{"href":"https:\/\/davor.pleskina.com\/index.php?rest_route=%2Fwp%2Fv2%2Fmedia&parent=125"}],"curies":[{"name":"wp","href":"https:\/\/api.w.org\/{rel}","templated":true}]}}