{"id":195,"date":"2025-05-05T12:44:13","date_gmt":"2025-05-05T12:44:13","guid":{"rendered":"https:\/\/davor.pleskina.com\/?page_id=195"},"modified":"2025-09-24T06:37:42","modified_gmt":"2025-09-24T06:37:42","slug":"kupite-knjige-2","status":"publish","type":"page","link":"https:\/\/davor.pleskina.com\/?page_id=195&lang=sl","title":{"rendered":"Kupite knjige"},"content":{"rendered":"<section style=\"max-width: 800px; margin: auto; padding: 2rem;\">\n<h1 style=\"text-align: center;\">\ud83d\udcd6 <em>Jeklo in \u010dast<\/em><\/h1>\n<p style=\"text-align: center; font-size: 1.1rem;\">Izberite svojo izdajo romana <em>Jeklo in \u010dast: V senci polmeseca<\/em>.<\/p>\n<hr \/>\n<h2>\ud83d\uded2 Na voljo izdaje<\/h2>\n<p>Natisnjen izvod v sloven\u0161\u010dini lahko kupite v Spletni knjigarni Bu\u010da:<\/p>\n<p><a href=\"https:\/\/buca.si\/knjigarna\/leposlovje-knjizevnost\/romani\/zgodovinski\/jeklo-in-cast-v-senci-polmeseca\/\"><img decoding=\"async\" src=\"https:\/\/buca.si\/wp-content\/uploads\/2021\/08\/Knjigarna-Buca-WEB.jpg\" \/><\/a><\/p>\n<p>&nbsp;<\/p>\n<hr \/>\n<h2>\u270d\ufe0f Podpisan izvod avtorja<\/h2>\n<p>\u017delite podpisan izvod z osebno posvetilo, poslan neposredno od avtorja?<\/p>\n<p>\ud83d\udcec Po\u0161ljite povpra\u0161evanje na:<br \/>\n<a href=\"mailto:davor@pleskina.com\">davor@pleskina.com<\/a><\/p>\n<p>V sporo\u010dilu navedite:<\/p>\n<ul>\n<li>Va\u0161e ime in priimek<\/li>\n<li>Po\u0161tni naslov<\/li>\n<li>\u017deleni jezik (sloven\u0161\u010dina \/ angle\u0161\u010dina \/ hrva\u0161\u010dina)<\/li>\n<li>Posvetilo (neobvezno)<\/li>\n<\/ul>\n<p>Odgovoril bom s podatki za pla\u010dilo (ban\u010dno nakazilo ali PayPal).<br \/>\nPo\u0161iljanje je mo\u017eno tudi v tujino. Stro\u0161ki po\u0161tnine se obra\u010dunajo posebej.<\/p>\n<\/section>\n","protected":false},"excerpt":{"rendered":"<p>\ud83d\udcd6 Jeklo in \u010dast Izberite svojo izdajo romana Jeklo in \u010dast: V senci polmeseca. \ud83d\uded2 Na voljo izdaje Natisnjen izvod [&hellip;]<\/p>\n","protected":false},"author":1,"featured_media":0,"parent":0,"menu_order":0,"comment_status":"closed","ping_status":"closed","template":"","meta":{"_uag_custom_page_level_css":"","site-sidebar-layout":"default","site-content-layout":"","ast-site-content-layout":"default","site-content-style":"default","site-sidebar-style":"default","ast-global-header-display":"","ast-banner-title-visibility":"","ast-main-header-display":"","ast-hfb-above-header-display":"","ast-hfb-below-header-display":"","ast-hfb-mobile-header-display":"","site-post-title":"","ast-breadcrumbs-content":"","ast-featured-img":"","footer-sml-layout":"","theme-transparent-header-meta":"default","adv-header-id-meta":"","stick-header-meta":"","header-above-stick-meta":"","header-main-stick-meta":"","header-below-stick-meta":"","astra-migrate-meta-layouts":"set","ast-page-background-enabled":"default","ast-page-background-meta":{"desktop":{"background-color":"var(--ast-global-color-5)","background-image":"","background-repeat":"repeat","background-position":"center center","background-size":"auto","background-attachment":"scroll","background-type":"","background-media":"","overlay-type":"","overlay-color":"","overlay-opacity":"","overlay-gradient":""},"tablet":{"background-color":"","background-image":"","background-repeat":"repeat","background-position":"center center","background-size":"auto","background-attachment":"scroll","background-type":"","background-media":"","overlay-type":"","overlay-color":"","overlay-opacity":"","overlay-gradient":""},"mobile":{"background-color":"","background-image":"","background-repeat":"repeat","background-position":"center center","background-size":"auto","background-attachment":"scroll","background-type":"","background-media":"","overlay-type":"","overlay-color":"","overlay-opacity":"","overlay-gradient":""}},"ast-content-background-meta":{"desktop":{"background-color":"var(--ast-global-color-4)","background-image":"","background-repeat":"repeat","background-position":"center center","background-size":"auto","background-attachment":"scroll","background-type":"","background-media":"","overlay-type":"","overlay-color":"","overlay-opacity":"","overlay-gradient":""},"tablet":{"background-color":"var(--ast-global-color-4)","background-image":"","background-repeat":"repeat","background-position":"center center","background-size":"auto","background-attachment":"scroll","background-type":"","background-media":"","overlay-type":"","overlay-color":"","overlay-opacity":"","overlay-gradient":""},"mobile":{"background-color":"var(--ast-global-color-4)","background-image":"","background-repeat":"repeat","background-position":"center center","background-size":"auto","background-attachment":"scroll","background-type":"","background-media":"","overlay-type":"","overlay-color":"","overlay-opacity":"","overlay-gradient":""}},"footnotes":""},"class_list":["post-195","page","type-page","status-publish","hentry"],"yoast_head":"<!-- This site is optimized with the Yoast SEO plugin v24.9 - https:\/\/yoast.com\/wordpress\/plugins\/seo\/ -->\n<title>Kupite knjige - Davor Pleskina - avtor<\/title>\n<meta name=\"robots\" content=\"index, follow, max-snippet:-1, max-image-preview:large, max-video-preview:-1\" \/>\n<link rel=\"canonical\" href=\"https:\/\/davor.pleskina.com\/?page_id=195&lang=sl\" \/>\n<meta property=\"og:locale\" content=\"en_US\" \/>\n<meta property=\"og:type\" content=\"article\" \/>\n<meta property=\"og:title\" content=\"Kupite knjige - Davor Pleskina - avtor\" \/>\n<meta property=\"og:description\" content=\"\ud83d\udcd6 Jeklo in \u010dast Izberite svojo izdajo romana Jeklo in \u010dast: V senci polmeseca. \ud83d\uded2 Na voljo izdaje Natisnjen izvod [&hellip;]\" \/>\n<meta property=\"og:url\" content=\"https:\/\/davor.pleskina.com\/?page_id=195&amp;lang=sl\" \/>\n<meta property=\"og:site_name\" content=\"Davor Pleskina - avtor\" \/>\n<meta property=\"article:publisher\" content=\"https:\/\/www.facebook.com\/davor.pleskina\" \/>\n<meta property=\"article:modified_time\" content=\"2025-09-24T06:37:42+00:00\" \/>\n<meta property=\"og:image\" content=\"https:\/\/buca.si\/wp-content\/uploads\/2021\/08\/Knjigarna-Buca-WEB.jpg\" \/>\n<meta name=\"twitter:card\" content=\"summary_large_image\" \/>\n<meta name=\"twitter:label1\" content=\"Est. reading time\" \/>\n\t<meta name=\"twitter:data1\" content=\"1 minute\" \/>\n<script type=\"application\/ld+json\" class=\"yoast-schema-graph\">{\"@context\":\"https:\/\/schema.org\",\"@graph\":[{\"@type\":\"WebPage\",\"@id\":\"https:\/\/davor.pleskina.com\/?page_id=195&lang=sl\",\"url\":\"https:\/\/davor.pleskina.com\/?page_id=195&lang=sl\",\"name\":\"Kupite knjige - Davor Pleskina - avtor\",\"isPartOf\":{\"@id\":\"https:\/\/davor.pleskina.com\/#website\"},\"primaryImageOfPage\":{\"@id\":\"https:\/\/davor.pleskina.com\/?page_id=195&lang=sl#primaryimage\"},\"image\":{\"@id\":\"https:\/\/davor.pleskina.com\/?page_id=195&lang=sl#primaryimage\"},\"thumbnailUrl\":\"https:\/\/buca.si\/wp-content\/uploads\/2021\/08\/Knjigarna-Buca-WEB.jpg\",\"datePublished\":\"2025-05-05T12:44:13+00:00\",\"dateModified\":\"2025-09-24T06:37:42+00:00\",\"breadcrumb\":{\"@id\":\"https:\/\/davor.pleskina.com\/?page_id=195&lang=sl#breadcrumb\"},\"inLanguage\":\"en-US\",\"potentialAction\":[{\"@type\":\"ReadAction\",\"target\":[\"https:\/\/davor.pleskina.com\/?page_id=195&lang=sl\"]}]},{\"@type\":\"ImageObject\",\"inLanguage\":\"en-US\",\"@id\":\"https:\/\/davor.pleskina.com\/?page_id=195&lang=sl#primaryimage\",\"url\":\"https:\/\/buca.si\/wp-content\/uploads\/2021\/08\/Knjigarna-Buca-WEB.jpg\",\"contentUrl\":\"https:\/\/buca.si\/wp-content\/uploads\/2021\/08\/Knjigarna-Buca-WEB.jpg\"},{\"@type\":\"BreadcrumbList\",\"@id\":\"https:\/\/davor.pleskina.com\/?page_id=195&lang=sl#breadcrumb\",\"itemListElement\":[{\"@type\":\"ListItem\",\"position\":1,\"name\":\"Home\",\"item\":\"https:\/\/davor.pleskina.com\/?page_id=82&lang=sl\"},{\"@type\":\"ListItem\",\"position\":2,\"name\":\"Kupite knjige\"}]},{\"@type\":\"WebSite\",\"@id\":\"https:\/\/davor.pleskina.com\/#website\",\"url\":\"https:\/\/davor.pleskina.com\/\",\"name\":\"Davor Pleskina - Author\",\"description\":\"\",\"publisher\":{\"@id\":\"https:\/\/davor.pleskina.com\/#\/schema\/person\/73a3c55dd492b781e0ccde1908336648\"},\"potentialAction\":[{\"@type\":\"SearchAction\",\"target\":{\"@type\":\"EntryPoint\",\"urlTemplate\":\"https:\/\/davor.pleskina.com\/?s={search_term_string}\"},\"query-input\":{\"@type\":\"PropertyValueSpecification\",\"valueRequired\":true,\"valueName\":\"search_term_string\"}}],\"inLanguage\":\"en-US\"},{\"@type\":[\"Person\",\"Organization\"],\"@id\":\"https:\/\/davor.pleskina.com\/#\/schema\/person\/73a3c55dd492b781e0ccde1908336648\",\"name\":\"Davor Pleskina\",\"image\":{\"@type\":\"ImageObject\",\"inLanguage\":\"en-US\",\"@id\":\"https:\/\/davor.pleskina.com\/#\/schema\/person\/image\/\",\"url\":\"https:\/\/davor.pleskina.com\/wp-content\/uploads\/2025\/04\/cropped-9e4a4959-8b7d-42cf-a303-7ca0cb4aa407.jpg\",\"contentUrl\":\"https:\/\/davor.pleskina.com\/wp-content\/uploads\/2025\/04\/cropped-9e4a4959-8b7d-42cf-a303-7ca0cb4aa407.jpg\",\"width\":736,\"height\":810,\"caption\":\"Davor Pleskina\"},\"logo\":{\"@id\":\"https:\/\/davor.pleskina.com\/#\/schema\/person\/image\/\"},\"sameAs\":[\"https:\/\/davor.pleskina.com\",\"https:\/\/www.facebook.com\/davor.pleskina\",\"https:\/\/www.instagram.com\/lorddavor\"]}]}<\/script>\n<!-- \/ Yoast SEO plugin. -->","yoast_head_json":{"title":"Kupite knjige - Davor Pleskina - avtor","robots":{"index":"index","follow":"follow","max-snippet":"max-snippet:-1","max-image-preview":"max-image-preview:large","max-video-preview":"max-video-preview:-1"},"canonical":"https:\/\/davor.pleskina.com\/?page_id=195&lang=sl","og_locale":"en_US","og_type":"article","og_title":"Kupite knjige - Davor Pleskina - avtor","og_description":"\ud83d\udcd6 Jeklo in \u010dast Izberite svojo izdajo romana Jeklo in \u010dast: V senci polmeseca. \ud83d\uded2 Na voljo izdaje Natisnjen izvod [&hellip;]","og_url":"https:\/\/davor.pleskina.com\/?page_id=195&lang=sl","og_site_name":"Davor Pleskina - avtor","article_publisher":"https:\/\/www.facebook.com\/davor.pleskina","article_modified_time":"2025-09-24T06:37:42+00:00","og_image":[{"url":"https:\/\/buca.si\/wp-content\/uploads\/2021\/08\/Knjigarna-Buca-WEB.jpg","type":"","width":"","height":""}],"twitter_card":"summary_large_image","twitter_misc":{"Est. reading time":"1 minute"},"schema":{"@context":"https:\/\/schema.org","@graph":[{"@type":"WebPage","@id":"https:\/\/davor.pleskina.com\/?page_id=195&lang=sl","url":"https:\/\/davor.pleskina.com\/?page_id=195&lang=sl","name":"Kupite knjige - Davor Pleskina - avtor","isPartOf":{"@id":"https:\/\/davor.pleskina.com\/#website"},"primaryImageOfPage":{"@id":"https:\/\/davor.pleskina.com\/?page_id=195&lang=sl#primaryimage"},"image":{"@id":"https:\/\/davor.pleskina.com\/?page_id=195&lang=sl#primaryimage"},"thumbnailUrl":"https:\/\/buca.si\/wp-content\/uploads\/2021\/08\/Knjigarna-Buca-WEB.jpg","datePublished":"2025-05-05T12:44:13+00:00","dateModified":"2025-09-24T06:37:42+00:00","breadcrumb":{"@id":"https:\/\/davor.pleskina.com\/?page_id=195&lang=sl#breadcrumb"},"inLanguage":"en-US","potentialAction":[{"@type":"ReadAction","target":["https:\/\/davor.pleskina.com\/?page_id=195&lang=sl"]}]},{"@type":"ImageObject","inLanguage":"en-US","@id":"https:\/\/davor.pleskina.com\/?page_id=195&lang=sl#primaryimage","url":"https:\/\/buca.si\/wp-content\/uploads\/2021\/08\/Knjigarna-Buca-WEB.jpg","contentUrl":"https:\/\/buca.si\/wp-content\/uploads\/2021\/08\/Knjigarna-Buca-WEB.jpg"},{"@type":"BreadcrumbList","@id":"https:\/\/davor.pleskina.com\/?page_id=195&lang=sl#breadcrumb","itemListElement":[{"@type":"ListItem","position":1,"name":"Home","item":"https:\/\/davor.pleskina.com\/?page_id=82&lang=sl"},{"@type":"ListItem","position":2,"name":"Kupite knjige"}]},{"@type":"WebSite","@id":"https:\/\/davor.pleskina.com\/#website","url":"https:\/\/davor.pleskina.com\/","name":"Davor Pleskina - Author","description":"","publisher":{"@id":"https:\/\/davor.pleskina.com\/#\/schema\/person\/73a3c55dd492b781e0ccde1908336648"},"potentialAction":[{"@type":"SearchAction","target":{"@type":"EntryPoint","urlTemplate":"https:\/\/davor.pleskina.com\/?s={search_term_string}"},"query-input":{"@type":"PropertyValueSpecification","valueRequired":true,"valueName":"search_term_string"}}],"inLanguage":"en-US"},{"@type":["Person","Organization"],"@id":"https:\/\/davor.pleskina.com\/#\/schema\/person\/73a3c55dd492b781e0ccde1908336648","name":"Davor Pleskina","image":{"@type":"ImageObject","inLanguage":"en-US","@id":"https:\/\/davor.pleskina.com\/#\/schema\/person\/image\/","url":"https:\/\/davor.pleskina.com\/wp-content\/uploads\/2025\/04\/cropped-9e4a4959-8b7d-42cf-a303-7ca0cb4aa407.jpg","contentUrl":"https:\/\/davor.pleskina.com\/wp-content\/uploads\/2025\/04\/cropped-9e4a4959-8b7d-42cf-a303-7ca0cb4aa407.jpg","width":736,"height":810,"caption":"Davor Pleskina"},"logo":{"@id":"https:\/\/davor.pleskina.com\/#\/schema\/person\/image\/"},"sameAs":["https:\/\/davor.pleskina.com","https:\/\/www.facebook.com\/davor.pleskina","https:\/\/www.instagram.com\/lorddavor"]}]}},"uagb_featured_image_src":{"full":false,"thumbnail":false,"medium":false,"medium_large":false,"large":false,"1536x1536":false,"2048x2048":false},"uagb_author_info":{"display_name":"Davor Pleskina","author_link":"https:\/\/davor.pleskina.com\/?author=1"},"uagb_comment_info":0,"uagb_excerpt":"\ud83d\udcd6 Jeklo in \u010dast Izberite svojo izdajo romana Jeklo in \u010dast: V senci polmeseca. \ud83d\uded2 Na voljo izdaje Natisnjen izvod [&hellip;]","_links":{"self":[{"href":"https:\/\/davor.pleskina.com\/index.php?rest_route=\/wp\/v2\/pages\/195","targetHints":{"allow":["GET"]}}],"collection":[{"href":"https:\/\/davor.pleskina.com\/index.php?rest_route=\/wp\/v2\/pages"}],"about":[{"href":"https:\/\/davor.pleskina.com\/index.php?rest_route=\/wp\/v2\/types\/page"}],"author":[{"embeddable":true,"href":"https:\/\/davor.pleskina.com\/index.php?rest_route=\/wp\/v2\/users\/1"}],"replies":[{"embeddable":true,"href":"https:\/\/davor.pleskina.com\/index.php?rest_route=%2Fwp%2Fv2%2Fcomments&post=195"}],"version-history":[{"count":6,"href":"https:\/\/davor.pleskina.com\/index.php?rest_route=\/wp\/v2\/pages\/195\/revisions"}],"predecessor-version":[{"id":244,"href":"https:\/\/davor.pleskina.com\/index.php?rest_route=\/wp\/v2\/pages\/195\/revisions\/244"}],"wp:attachment":[{"href":"https:\/\/davor.pleskina.com\/index.php?rest_route=%2Fwp%2Fv2%2Fmedia&parent=195"}],"curies":[{"name":"wp","href":"https:\/\/api.w.org\/{rel}","templated":true}]}}