{"id":82,"date":"2025-04-12T20:51:27","date_gmt":"2025-04-12T20:51:27","guid":{"rendered":"https:\/\/davor.pleskina.com\/?page_id=82"},"modified":"2025-06-16T09:33:43","modified_gmt":"2025-06-16T09:33:43","slug":"o-avtorju","status":"publish","type":"page","link":"https:\/\/davor.pleskina.com\/?page_id=82&lang=sl","title":{"rendered":"O avtorju"},"content":{"rendered":"\r\n<p>Nekje med ti\u0161ino neba in \u0161umom tipkovnice se je oblikoval svet, v katerem Davor Pleskina diha. Po poklicu programer, po du\u0161i pilot, po usodi pisatelj \u2014 njegovo \u017eivljenje je razpeto med natan\u010dnostjo in domi\u0161ljijo, redom in poezijo.<\/p>\r\n\r\n\r\n\r\n<p>V kodi i\u0161\u010de jasnost, v vi\u0161avah mir, v besedah resnico. Njegovi stavki niso le niz \u010drk, temve\u010d odmevi davnih \u010dasov, ko so \u010dast, jeklo in \u0161epet zgodovine nosili te\u017eo usode. Njegov roman Jeklo in \u010dast: V senci polmeseca je drugi del na\u010drtovane trilogije \u2014 osrednje poglavje \u0161ir\u0161e pripovedi o negotovih \u010dasih, \u010dlove\u010dnosti in minljivosti \u2014 medtem ko prvi in zadnji del \u0161e \u010dakata, da bosta zapisana.<\/p>\r\n\r\n\r\n\r\n<p>Kot veteran vojne za neodvisnost Hrva\u0161ke pozna ti\u0161ino, ki pride za hrupom, in vrednost besed, ko oro\u017eje utihne. Ne i\u0161\u010de slave ne priznanja \u2014 le tisto tenko \u010drto, kjer se zgodba dotakne srca bralca. In tam, med vrsticami in pogledi, ostaja za vedno.<\/p>\r\n<p>GoodReads stran:\u00a0<a href=\"https:\/\/www.goodreads.com\/author\/show\/55017880.Davor_Pleskina\">https:\/\/www.goodreads.com\/author\/show\/55017880.Davor_Pleskina<\/a><\/p>\r\n","protected":false},"excerpt":{"rendered":"<p>Nekje med ti\u0161ino neba in \u0161umom tipkovnice se je oblikoval svet, v katerem Davor Pleskina diha. Po poklicu programer, po [&hellip;]<\/p>\n","protected":false},"author":1,"featured_media":0,"parent":0,"menu_order":0,"comment_status":"closed","ping_status":"closed","template":"","meta":{"_uag_custom_page_level_css":"","site-sidebar-layout":"default","site-content-layout":"","ast-site-content-layout":"default","site-content-style":"default","site-sidebar-style":"default","ast-global-header-display":"","ast-banner-title-visibility":"","ast-main-header-display":"","ast-hfb-above-header-display":"","ast-hfb-below-header-display":"","ast-hfb-mobile-header-display":"","site-post-title":"","ast-breadcrumbs-content":"","ast-featured-img":"","footer-sml-layout":"","theme-transparent-header-meta":"default","adv-header-id-meta":"","stick-header-meta":"","header-above-stick-meta":"","header-main-stick-meta":"","header-below-stick-meta":"","astra-migrate-meta-layouts":"set","ast-page-background-enabled":"default","ast-page-background-meta":{"desktop":{"background-color":"var(--ast-global-color-5)","background-image":"","background-repeat":"repeat","background-position":"center center","background-size":"auto","background-attachment":"scroll","background-type":"","background-media":"","overlay-type":"","overlay-color":"","overlay-opacity":"","overlay-gradient":""},"tablet":{"background-color":"","background-image":"","background-repeat":"repeat","background-position":"center center","background-size":"auto","background-attachment":"scroll","background-type":"","background-media":"","overlay-type":"","overlay-color":"","overlay-opacity":"","overlay-gradient":""},"mobile":{"background-color":"","background-image":"","background-repeat":"repeat","background-position":"center center","background-size":"auto","background-attachment":"scroll","background-type":"","background-media":"","overlay-type":"","overlay-color":"","overlay-opacity":"","overlay-gradient":""}},"ast-content-background-meta":{"desktop":{"background-color":"var(--ast-global-color-4)","background-image":"","background-repeat":"repeat","background-position":"center center","background-size":"auto","background-attachment":"scroll","background-type":"","background-media":"","overlay-type":"","overlay-color":"","overlay-opacity":"","overlay-gradient":""},"tablet":{"background-color":"var(--ast-global-color-4)","background-image":"","background-repeat":"repeat","background-position":"center center","background-size":"auto","background-attachment":"scroll","background-type":"","background-media":"","overlay-type":"","overlay-color":"","overlay-opacity":"","overlay-gradient":""},"mobile":{"background-color":"var(--ast-global-color-4)","background-image":"","background-repeat":"repeat","background-position":"center center","background-size":"auto","background-attachment":"scroll","background-type":"","background-media":"","overlay-type":"","overlay-color":"","overlay-opacity":"","overlay-gradient":""}},"footnotes":""},"class_list":["post-82","page","type-page","status-publish","hentry"],"yoast_head":"<!-- This site is optimized with the Yoast SEO plugin v24.9 - https:\/\/yoast.com\/wordpress\/plugins\/seo\/ -->\n<title>O avtorju - Davor Pleskina - avtor<\/title>\n<meta name=\"description\" content=\"Uradna stran trilogije &quot;Jeklo in \u010dast&quot; avtorja Davorja Pleskine. Zgodovinski roman o pogumu, \u010dasti in ljubezni pod senco polmeseca.\" \/>\n<meta name=\"robots\" content=\"index, follow, max-snippet:-1, max-image-preview:large, max-video-preview:-1\" \/>\n<link rel=\"canonical\" href=\"https:\/\/davor.pleskina.com\/?page_id=82&lang=sl\" \/>\n<meta property=\"og:locale\" content=\"en_US\" \/>\n<meta property=\"og:type\" content=\"article\" \/>\n<meta property=\"og:title\" content=\"O avtorju - Davor Pleskina - avtor\" \/>\n<meta property=\"og:description\" content=\"Uradna stran trilogije &quot;Jeklo in \u010dast&quot; avtorja Davorja Pleskine. Zgodovinski roman o pogumu, \u010dasti in ljubezni pod senco polmeseca.\" \/>\n<meta property=\"og:url\" content=\"https:\/\/davor.pleskina.com\/?page_id=82&amp;lang=sl\" \/>\n<meta property=\"og:site_name\" content=\"Davor Pleskina - avtor\" \/>\n<meta property=\"article:publisher\" content=\"https:\/\/www.facebook.com\/davor.pleskina\" \/>\n<meta property=\"article:modified_time\" content=\"2025-06-16T09:33:43+00:00\" \/>\n<meta name=\"twitter:card\" content=\"summary_large_image\" \/>\n<meta name=\"twitter:label1\" content=\"Est. reading time\" \/>\n\t<meta name=\"twitter:data1\" content=\"1 minute\" \/>\n<script type=\"application\/ld+json\" class=\"yoast-schema-graph\">{\"@context\":\"https:\/\/schema.org\",\"@graph\":[{\"@type\":\"WebPage\",\"@id\":\"https:\/\/davor.pleskina.com\/?page_id=82&lang=sl\",\"url\":\"https:\/\/davor.pleskina.com\/?page_id=82&lang=sl\",\"name\":\"O avtorju - Davor Pleskina - avtor\",\"isPartOf\":{\"@id\":\"https:\/\/davor.pleskina.com\/#website\"},\"datePublished\":\"2025-04-12T20:51:27+00:00\",\"dateModified\":\"2025-06-16T09:33:43+00:00\",\"description\":\"Uradna stran trilogije \\\"Jeklo in \u010dast\\\" avtorja Davorja Pleskine. Zgodovinski roman o pogumu, \u010dasti in ljubezni pod senco polmeseca.\",\"breadcrumb\":{\"@id\":\"https:\/\/davor.pleskina.com\/?page_id=82&lang=sl#breadcrumb\"},\"inLanguage\":\"en-US\",\"potentialAction\":[{\"@type\":\"ReadAction\",\"target\":[\"https:\/\/davor.pleskina.com\/?page_id=82&lang=sl\"]}]},{\"@type\":\"BreadcrumbList\",\"@id\":\"https:\/\/davor.pleskina.com\/?page_id=82&lang=sl#breadcrumb\",\"itemListElement\":[{\"@type\":\"ListItem\",\"position\":1,\"name\":\"Home\",\"item\":\"https:\/\/davor.pleskina.com\/?page_id=82&lang=sl\"},{\"@type\":\"ListItem\",\"position\":2,\"name\":\"O avtorju\"}]},{\"@type\":\"WebSite\",\"@id\":\"https:\/\/davor.pleskina.com\/#website\",\"url\":\"https:\/\/davor.pleskina.com\/\",\"name\":\"Davor Pleskina - Author\",\"description\":\"\",\"publisher\":{\"@id\":\"https:\/\/davor.pleskina.com\/#\/schema\/person\/73a3c55dd492b781e0ccde1908336648\"},\"potentialAction\":[{\"@type\":\"SearchAction\",\"target\":{\"@type\":\"EntryPoint\",\"urlTemplate\":\"https:\/\/davor.pleskina.com\/?s={search_term_string}\"},\"query-input\":{\"@type\":\"PropertyValueSpecification\",\"valueRequired\":true,\"valueName\":\"search_term_string\"}}],\"inLanguage\":\"en-US\"},{\"@type\":[\"Person\",\"Organization\"],\"@id\":\"https:\/\/davor.pleskina.com\/#\/schema\/person\/73a3c55dd492b781e0ccde1908336648\",\"name\":\"Davor Pleskina\",\"image\":{\"@type\":\"ImageObject\",\"inLanguage\":\"en-US\",\"@id\":\"https:\/\/davor.pleskina.com\/#\/schema\/person\/image\/\",\"url\":\"https:\/\/davor.pleskina.com\/wp-content\/uploads\/2025\/04\/cropped-9e4a4959-8b7d-42cf-a303-7ca0cb4aa407.jpg\",\"contentUrl\":\"https:\/\/davor.pleskina.com\/wp-content\/uploads\/2025\/04\/cropped-9e4a4959-8b7d-42cf-a303-7ca0cb4aa407.jpg\",\"width\":736,\"height\":810,\"caption\":\"Davor Pleskina\"},\"logo\":{\"@id\":\"https:\/\/davor.pleskina.com\/#\/schema\/person\/image\/\"},\"sameAs\":[\"https:\/\/davor.pleskina.com\",\"https:\/\/www.facebook.com\/davor.pleskina\",\"https:\/\/www.instagram.com\/lorddavor\"]}]}<\/script>\n<!-- \/ Yoast SEO plugin. -->","yoast_head_json":{"title":"O avtorju - Davor Pleskina - avtor","description":"Uradna stran trilogije \"Jeklo in \u010dast\" avtorja Davorja Pleskine. Zgodovinski roman o pogumu, \u010dasti in ljubezni pod senco polmeseca.","robots":{"index":"index","follow":"follow","max-snippet":"max-snippet:-1","max-image-preview":"max-image-preview:large","max-video-preview":"max-video-preview:-1"},"canonical":"https:\/\/davor.pleskina.com\/?page_id=82&lang=sl","og_locale":"en_US","og_type":"article","og_title":"O avtorju - Davor Pleskina - avtor","og_description":"Uradna stran trilogije \"Jeklo in \u010dast\" avtorja Davorja Pleskine. Zgodovinski roman o pogumu, \u010dasti in ljubezni pod senco polmeseca.","og_url":"https:\/\/davor.pleskina.com\/?page_id=82&lang=sl","og_site_name":"Davor Pleskina - avtor","article_publisher":"https:\/\/www.facebook.com\/davor.pleskina","article_modified_time":"2025-06-16T09:33:43+00:00","twitter_card":"summary_large_image","twitter_misc":{"Est. reading time":"1 minute"},"schema":{"@context":"https:\/\/schema.org","@graph":[{"@type":"WebPage","@id":"https:\/\/davor.pleskina.com\/?page_id=82&lang=sl","url":"https:\/\/davor.pleskina.com\/?page_id=82&lang=sl","name":"O avtorju - Davor Pleskina - avtor","isPartOf":{"@id":"https:\/\/davor.pleskina.com\/#website"},"datePublished":"2025-04-12T20:51:27+00:00","dateModified":"2025-06-16T09:33:43+00:00","description":"Uradna stran trilogije \"Jeklo in \u010dast\" avtorja Davorja Pleskine. Zgodovinski roman o pogumu, \u010dasti in ljubezni pod senco polmeseca.","breadcrumb":{"@id":"https:\/\/davor.pleskina.com\/?page_id=82&lang=sl#breadcrumb"},"inLanguage":"en-US","potentialAction":[{"@type":"ReadAction","target":["https:\/\/davor.pleskina.com\/?page_id=82&lang=sl"]}]},{"@type":"BreadcrumbList","@id":"https:\/\/davor.pleskina.com\/?page_id=82&lang=sl#breadcrumb","itemListElement":[{"@type":"ListItem","position":1,"name":"Home","item":"https:\/\/davor.pleskina.com\/?page_id=82&lang=sl"},{"@type":"ListItem","position":2,"name":"O avtorju"}]},{"@type":"WebSite","@id":"https:\/\/davor.pleskina.com\/#website","url":"https:\/\/davor.pleskina.com\/","name":"Davor Pleskina - Author","description":"","publisher":{"@id":"https:\/\/davor.pleskina.com\/#\/schema\/person\/73a3c55dd492b781e0ccde1908336648"},"potentialAction":[{"@type":"SearchAction","target":{"@type":"EntryPoint","urlTemplate":"https:\/\/davor.pleskina.com\/?s={search_term_string}"},"query-input":{"@type":"PropertyValueSpecification","valueRequired":true,"valueName":"search_term_string"}}],"inLanguage":"en-US"},{"@type":["Person","Organization"],"@id":"https:\/\/davor.pleskina.com\/#\/schema\/person\/73a3c55dd492b781e0ccde1908336648","name":"Davor Pleskina","image":{"@type":"ImageObject","inLanguage":"en-US","@id":"https:\/\/davor.pleskina.com\/#\/schema\/person\/image\/","url":"https:\/\/davor.pleskina.com\/wp-content\/uploads\/2025\/04\/cropped-9e4a4959-8b7d-42cf-a303-7ca0cb4aa407.jpg","contentUrl":"https:\/\/davor.pleskina.com\/wp-content\/uploads\/2025\/04\/cropped-9e4a4959-8b7d-42cf-a303-7ca0cb4aa407.jpg","width":736,"height":810,"caption":"Davor Pleskina"},"logo":{"@id":"https:\/\/davor.pleskina.com\/#\/schema\/person\/image\/"},"sameAs":["https:\/\/davor.pleskina.com","https:\/\/www.facebook.com\/davor.pleskina","https:\/\/www.instagram.com\/lorddavor"]}]}},"uagb_featured_image_src":{"full":false,"thumbnail":false,"medium":false,"medium_large":false,"large":false,"1536x1536":false,"2048x2048":false},"uagb_author_info":{"display_name":"Davor Pleskina","author_link":"https:\/\/davor.pleskina.com\/?author=1"},"uagb_comment_info":0,"uagb_excerpt":"Nekje med ti\u0161ino neba in \u0161umom tipkovnice se je oblikoval svet, v katerem Davor Pleskina diha. Po poklicu programer, po [&hellip;]","_links":{"self":[{"href":"https:\/\/davor.pleskina.com\/index.php?rest_route=\/wp\/v2\/pages\/82","targetHints":{"allow":["GET"]}}],"collection":[{"href":"https:\/\/davor.pleskina.com\/index.php?rest_route=\/wp\/v2\/pages"}],"about":[{"href":"https:\/\/davor.pleskina.com\/index.php?rest_route=\/wp\/v2\/types\/page"}],"author":[{"embeddable":true,"href":"https:\/\/davor.pleskina.com\/index.php?rest_route=\/wp\/v2\/users\/1"}],"replies":[{"embeddable":true,"href":"https:\/\/davor.pleskina.com\/index.php?rest_route=%2Fwp%2Fv2%2Fcomments&post=82"}],"version-history":[{"count":3,"href":"https:\/\/davor.pleskina.com\/index.php?rest_route=\/wp\/v2\/pages\/82\/revisions"}],"predecessor-version":[{"id":240,"href":"https:\/\/davor.pleskina.com\/index.php?rest_route=\/wp\/v2\/pages\/82\/revisions\/240"}],"wp:attachment":[{"href":"https:\/\/davor.pleskina.com\/index.php?rest_route=%2Fwp%2Fv2%2Fmedia&parent=82"}],"curies":[{"name":"wp","href":"https:\/\/api.w.org\/{rel}","templated":true}]}}